{"id":16139,"date":"2018-04-16T15:56:45","date_gmt":"2018-04-16T20:56:45","guid":{"rendered":"https:\/\/www.monepicierbio.ca\/nos-types-de-viandes\/"},"modified":"2019-02-27T11:27:33","modified_gmt":"2019-02-27T16:27:33","slug":"our-meat-types","status":"publish","type":"page","link":"https:\/\/www.monepicierbio.ca\/en\/our-meat-types\/","title":{"rendered":"Our Meat Types"},"content":{"rendered":"  <div id=\"page-header-255267925\" class=\"page-header-wrapper\">\n  <div class=\"page-title dark featured-title\">\n\n        <div class=\"page-title-bg\">\n      <div class=\"title-bg fill bg-fill\"\n        data-parallax-container=\".page-title\"\n        data-parallax-background\n        data-parallax=\"-\">\n      <\/div>\n      <div class=\"title-overlay fill\"><\/div>\n    <\/div>\n    \n    <div class=\"page-title-inner container align-center text-center flex-row-col medium-flex-wrap\" >\n              <div class=\"title-wrapper is-xxlarge flex-col\">\n          <h1 class=\"entry-title mb-0\">\n            Our Meat Types          <\/h1>\n        <\/div>\n                    <div class=\"title-content flex-col\">\n        <div class=\"title-breadcrumbs pb-half pt-half\"><nav class=\"woocommerce-breadcrumb breadcrumbs uppercase\">Home<\/nav><\/div>      <\/div>\n    <\/div>\n\n     \n<style>\n#page-header-255267925 .page-title-inner {\n  min-height: 250px;\n}\n#page-header-255267925 {\n  margin-bottom: 30px;\n}\n#page-header-255267925 .title-bg {\n  background-image: url(https:\/\/www.monepicierbio.ca\/wp-content\/uploads\/2018\/04\/viande-crue-slider-accueil-1.jpg);\n}\n#page-header-255267925 .title-overlay {\n  background-color: rgba(0,0,0,.5);\n}\n<\/style>\n  <\/div>\n    <\/div>\n  \n\n  <div class=\"banner has-hover\" id=\"banner-1340435742\">\n          <div class=\"banner-inner fill\">\n        <div class=\"banner-bg fill\" >\n            <div class=\"bg fill bg-fill \"><\/div>\n                        <div class=\"overlay\"><\/div>            \n                    <\/div>\n\t\t\n        <div class=\"banner-layers container\">\n            <div class=\"fill banner-link\"><\/div>            \n   <div id=\"text-box-1939105989\" class=\"text-box banner-layer x50 md-x50 lg-x50 y50 md-y50 lg-y50 res-text\">\n                                <div class=\"text-box-content text dark\">\n              \n              <div class=\"text-inner text-center\">\n                  \n<h2>Organically-certified Meat<\/h2>\n              <\/div>\n           <\/div>\n                            \n<style>\n#text-box-1939105989 {\n  width: 60%;\n}\n#text-box-1939105989 .text-box-content {\n  font-size: 100%;\n}\n<\/style>\n    <\/div>\n \n        <\/div>\n      <\/div>\n\n            \n<style>\n#banner-1340435742 {\n  padding-top: 150px;\n}\n#banner-1340435742 .bg.bg-loaded {\n  background-image: url(http:\/\/dev.treize.pro\/monepic\/bio\/banbiocertifie.jpg);\n}\n#banner-1340435742 .overlay {\n  background-color: rgba(0,0,0,.5);\n}\n#banner-1340435742 .ux-shape-divider--top svg {\n  height: 150px;\n  --divider-top-width: 100%;\n}\n#banner-1340435742 .ux-shape-divider--bottom svg {\n  height: 150px;\n  --divider-width: 100%;\n}\n<\/style>\n  <\/div>\n\n\n\t<div id=\"gap-409544024\" class=\"gap-element clearfix\" style=\"display:block; height:auto;\">\n\t\t\n<style>\n#gap-409544024 {\n  padding-top: 30px;\n}\n<\/style>\n\t<\/div>\n\t\n<div class=\"bloc_text\">\n<p><strong><b>T<\/b><b>he term \u00ab\u00a0organic\u00a0\u00bb is reassuring to see on packaging, but it takes the logo<\/b>!\u00a0<\/strong>Organic certification guarantees that any product sold in Quebec promoted as \u00ab\u00a0organic\u00a0\u00bb was produced in compliance with organic agricultural standards, as stipulated in the document \u00ab\u00a0<a href=\"https:\/\/cartv.gouv.qc.ca\/normes-biologiques-de-reference-du-quebec\">Normes biologiques de r\u00e9f\u00e9rence du Qu\u00e9bec\u00a0<\/a>\u00bb, issued by the\u00a0<a href=\"https:\/\/cartv.gouv.qc.ca\/\">Conseil des appellations r\u00e9serv\u00e9es et des termes valorisants<\/a>\u00a0(CARTV). A certified-organic product differs from a regular product in its production techniques, which are more conscientious of health and the environment. For example, the use of synthetic inputs (pesticides and fertilizers) or genetically-modified seeds is prohibited. The CARTV has accredited six certification bodies authorized to grant certifications to Quebec producers :<\/p>\n<blockquote><p>All of our organic products bear the logo of one of these six certification bodies, certifying that our producers have obtained proper organic certification.<\/p><\/blockquote>\n<p><img loading=\"lazy\" class=\"aligncenter size-full wp-image-6629\" src=\"https:\/\/monepicierbio.ca\/wp-content\/uploads\/2014\/10\/biocertification.jpg\" alt=\"biocertification\" width=\"507\" height=\"69\" srcset=\"https:\/\/www.monepicierbio.ca\/wp-content\/uploads\/2014\/10\/biocertification.jpg 507w, https:\/\/www.monepicierbio.ca\/wp-content\/uploads\/2014\/10\/biocertification-300x40.jpg 300w\" sizes=\"(max-width: 507px) 100vw, 507px\" \/><\/p>\n<\/div>\n\t<div id=\"gap-1725996196\" class=\"gap-element clearfix\" style=\"display:block; height:auto;\">\n\t\t\n<style>\n#gap-1725996196 {\n  padding-top: 30px;\n}\n<\/style>\n\t<\/div>\n\t\n\t<div id=\"gap-45315409\" class=\"gap-element clearfix\" style=\"display:block; height:auto;\">\n\t\t\n<style>\n#gap-45315409 {\n  padding-top: 40;\n}\n<\/style>\n\t<\/div>\n\t\n\n  <div class=\"banner has-hover\" id=\"banner-871687402\">\n          <div class=\"banner-inner fill\">\n        <div class=\"banner-bg fill\" >\n            <div class=\"bg fill bg-fill \"><\/div>\n                        <div class=\"overlay\"><\/div>            \n                    <\/div>\n\t\t\n        <div class=\"banner-layers container\">\n            <div class=\"fill banner-link\"><\/div>            \n   <div id=\"text-box-1136855938\" class=\"text-box banner-layer x50 md-x50 lg-x50 y50 md-y50 lg-y50 res-text\">\n                                <div class=\"text-box-content text dark\">\n              \n              <div class=\"text-inner text-center\">\n                  \n<h2>The Best Natural Meat Producers<\/h2>\n              <\/div>\n           <\/div>\n                            \n<style>\n#text-box-1136855938 {\n  width: 60%;\n}\n#text-box-1136855938 .text-box-content {\n  font-size: 100%;\n}\n<\/style>\n    <\/div>\n \n        <\/div>\n      <\/div>\n\n            \n<style>\n#banner-871687402 {\n  padding-top: 150px;\n}\n#banner-871687402 .bg.bg-loaded {\n  background-image: url(https:\/\/monepicierbio.ca\/bio\/viandenaturelle.jpg);\n}\n#banner-871687402 .overlay {\n  background-color: rgba(0,0,0,.5);\n}\n#banner-871687402 .ux-shape-divider--top svg {\n  height: 150px;\n  --divider-top-width: 100%;\n}\n#banner-871687402 .ux-shape-divider--bottom svg {\n  height: 150px;\n  --divider-width: 100%;\n}\n<\/style>\n  <\/div>\n\n\n\t<div id=\"gap-1791494355\" class=\"gap-element clearfix\" style=\"display:block; height:auto;\">\n\t\t\n<style>\n#gap-1791494355 {\n  padding-top: 30px;\n}\n<\/style>\n\t<\/div>\n\t\n<h3 class=\"secondary_title\"><span style=\"color: #4d750d;\">What is the difference between natural and organic?<\/span><\/h3>\n<p><img loading=\"lazy\" class=\"alignright size-thumbnail wp-image-6669\" src=\"https:\/\/monepicierbio.ca\/wp-content\/uploads\/2014\/10\/boeufnaturel-150x150.jpg\" alt=\"boeufnaturel\" width=\"150\" height=\"150\" srcset=\"https:\/\/www.monepicierbio.ca\/wp-content\/uploads\/2014\/10\/boeufnaturel-150x150.jpg 150w, https:\/\/www.monepicierbio.ca\/wp-content\/uploads\/2014\/10\/boeufnaturel-100x100.jpg 100w\" sizes=\"(max-width: 150px) 100vw, 150px\" \/><\/p>\n<p>The main difference between a product that is natural and one that is organic resides in regulation. There exist very clear and definitive organic-food regulations, which isn\u2019t the case with natural food. The term \u00ab\u00a0natural\u00a0\u00bb\u00a0is used to describe a product which is derived from raising practices taken from both industrial and organic agriculture. Implementation of these practices is incumbent upon the farmers of natural products.<\/p>\n<p>In fact, the price of natural food is somewhere between the price of industrial and organic food.<\/p>\n<p><img loading=\"lazy\" class=\"alignleft wp-image-6668 size-thumbnail\" src=\"https:\/\/monepicierbio.ca\/wp-content\/uploads\/2014\/10\/porcnaturel-150x150.jpg\" alt=\"porcnaturel\" width=\"150\" height=\"150\" srcset=\"https:\/\/www.monepicierbio.ca\/wp-content\/uploads\/2014\/10\/porcnaturel-150x150.jpg 150w, https:\/\/www.monepicierbio.ca\/wp-content\/uploads\/2014\/10\/porcnaturel-100x100.jpg 100w\" sizes=\"(max-width: 150px) 100vw, 150px\" \/>Each producer who places the \u00ab\u00a0natural\u00a0\u00bb assertion on his products fully understands the implications of this label. Consequently, for his part, the consumer should inform himself of livestock-raising conditions, so as to be sure that they are not in conflict with his own values. Natural agriculture is a sensible choice for the consumer who wishes to eat meat of which the animals were raised freely or which were fed vegetable grain or which received antibiotics for curative reasons only. However, it is possible that the feed may come from fields fertilized with chemical fertilizer or treated with pesticides or even that the animal was given growth hormones.\u00a0Given that natural production is not subject to any official specifications, it is up to the producers to establish for themselves their production standards. We have therefore chosen for you only experienced producers, who have proven themselves in the natural food industry.<\/p>\n<p>At Mon Epicier Bio, you have the option of consulting each of our producers\u2019 information page. For each one of our products, you will find them under the <a href=\"https:\/\/www.monepicierbio.ca\/en\/shop-2\/\">Our Meats tab<\/a>. Transparency is paramount to us !<\/p>\n\t<div id=\"gap-2126875105\" class=\"gap-element clearfix\" style=\"display:block; height:auto;\">\n\t\t\n<style>\n#gap-2126875105 {\n  padding-top: 30px;\n}\n<\/style>\n\t<\/div>\n\t\n\n  <div class=\"banner has-hover\" id=\"banner-2077054819\">\n          <div class=\"banner-inner fill\">\n        <div class=\"banner-bg fill\" >\n            <div class=\"bg fill bg-fill \"><\/div>\n                        <div class=\"overlay\"><\/div>            \n                    <\/div>\n\t\t\n        <div class=\"banner-layers container\">\n            <div class=\"fill banner-link\"><\/div>            \n   <div id=\"text-box-646776007\" class=\"text-box banner-layer x50 md-x50 lg-x50 y50 md-y50 lg-y50 res-text\">\n                                <div class=\"text-box-content text dark\">\n              \n              <div class=\"text-inner text-center\">\n                  \n<h2>Game Meat, a Healthy Choice!<\/h2>\n              <\/div>\n           <\/div>\n                            \n<style>\n#text-box-646776007 {\n  width: 60%;\n}\n#text-box-646776007 .text-box-content {\n  font-size: 100%;\n}\n<\/style>\n    <\/div>\n \n        <\/div>\n      <\/div>\n\n            \n<style>\n#banner-2077054819 {\n  padding-top: 150px;\n}\n#banner-2077054819 .bg.bg-loaded {\n  background-image: url(https:\/\/monepicierbio.ca\/bio\/bangibier2.jpg);\n}\n#banner-2077054819 .overlay {\n  background-color: rgba(0,0,0,.5);\n}\n#banner-2077054819 .bg {\n  background-position: 0% 100%;\n}\n#banner-2077054819 .ux-shape-divider--top svg {\n  height: 150px;\n  --divider-top-width: 100%;\n}\n#banner-2077054819 .ux-shape-divider--bottom svg {\n  height: 150px;\n  --divider-width: 100%;\n}\n<\/style>\n  <\/div>\n\n\n\t<div id=\"gap-1098694809\" class=\"gap-element clearfix\" style=\"display:block; height:auto;\">\n\t\t\n<style>\n#gap-1098694809 {\n  padding-top: 30px;\n}\n<\/style>\n\t<\/div>\n\t\n<p>Clearly, game meat is an excellent choice !<br \/>\nGenerally, game meat is low in fat and high in protein. A 75g serving contains from 1g to 3g of fat, depending on the type of game. In comparison, an equal serving of chicken contains from 3g to 7g of fat. For beef, fat content varies from 3g to 11g in lean cuts.<\/p>\n<p>Vous pouvez consulter un tableau comparatif de la composition moyenne et approximative de quelques viandes crues pour 100 g (www.harmoniesante.com)<\/p>\n<p>Researchers have also found that the incidence of colorectal cancers increased with consumption of high-fat meat (sausages, entrails, cold cuts) and decreased with consumption of lean red meat.<\/p>\n<p>Therefore, the low content of total fats and of saturated fats in game meat should be considered beneficial to good health, especially if it replaces meat richer in fat in one\u2019s diet.<\/p>\n\t<div id=\"gap-928429465\" class=\"gap-element clearfix\" style=\"display:block; height:auto;\">\n\t\t\n<style>\n#gap-928429465 {\n  padding-top: 30px;\n}\n<\/style>\n\t<\/div>\n\t\n\n  <div class=\"banner has-hover\" id=\"banner-256834887\">\n          <div class=\"banner-inner fill\">\n        <div class=\"banner-bg fill\" >\n            <div class=\"bg fill bg-fill \"><\/div>\n                        <div class=\"overlay\"><\/div>            \n                    <\/div>\n\t\t\n        <div class=\"banner-layers container\">\n            <div class=\"fill banner-link\"><\/div>            \n   <div id=\"text-box-818246711\" class=\"text-box banner-layer x50 md-x50 lg-x50 y50 md-y50 lg-y50 res-text\">\n                                <div class=\"text-box-content text dark\">\n              \n              <div class=\"text-inner text-center\">\n                  \n<h2>A Question of Quantity<\/h2>\n              <\/div>\n           <\/div>\n                            \n<style>\n#text-box-818246711 {\n  width: 60%;\n}\n#text-box-818246711 .text-box-content {\n  font-size: 100%;\n}\n<\/style>\n    <\/div>\n \n        <\/div>\n      <\/div>\n\n            \n<style>\n#banner-256834887 {\n  padding-top: 150px;\n}\n#banner-256834887 .bg.bg-loaded {\n  background-image: url(https:\/\/monepicierbio.ca\/bio\/bangibierquantite.jpg);\n}\n#banner-256834887 .overlay {\n  background-color: rgba(0,0,0,.5);\n}\n#banner-256834887 .bg {\n  background-position: 31% 100%;\n}\n#banner-256834887 .ux-shape-divider--top svg {\n  height: 150px;\n  --divider-top-width: 100%;\n}\n#banner-256834887 .ux-shape-divider--bottom svg {\n  height: 150px;\n  --divider-width: 100%;\n}\n<\/style>\n  <\/div>\n\n\n\t<div id=\"gap-1227980429\" class=\"gap-element clearfix\" style=\"display:block; height:auto;\">\n\t\t\n<style>\n#gap-1227980429 {\n  padding-top: 30px;\n}\n<\/style>\n\t<\/div>\n\t\n<h4><span style=\"color: #4a6e1d;\">A question of quantity, according to the Canadian Cancer Society !<\/span><\/h4>\n<p>The Canadian Cancer Society recommends consuming 3 servings per week of red meat (85-gram portions). Meat containing less fat is preferable, especially for individuals who are overweight or suffer from high cholesterol and triglycerides. Game meat constitutes an excellent choice if you are looking for meat that is lower in fat and having a good source of protein !<\/p>\n<p><img loading=\"lazy\" class=\"alignright size-thumbnail wp-image-6615\" src=\"https:\/\/monepicierbio.ca\/wp-content\/uploads\/2014\/10\/cholesterol-150x150.jpg\" alt=\"cholesterol\" width=\"150\" height=\"150\" srcset=\"https:\/\/www.monepicierbio.ca\/wp-content\/uploads\/2014\/10\/cholesterol-150x150.jpg 150w, https:\/\/www.monepicierbio.ca\/wp-content\/uploads\/2014\/10\/cholesterol-100x100.jpg 100w\" sizes=\"(max-width: 150px) 100vw, 150px\" \/><\/p>\n<p>A recent review of over 50 research studies has shown that lean red meat, with visible fat removed,\u00a0<b>does not raise total cholesterol or \u00abbad\u00bb cholesterol<\/b>\u00a0when it is eaten as part of a diet low in saturated fat. These results confirm that eating a moderate amount of lean red meat (such as game) can be part of a healthy diet.\u00a0Red meat contains compounds that may protect against cancer. In fact, studies have shown that high blood levels of zinc and\u00a0selenium\u00a0reduce the incidence of certain cancers. These minerals are present in large quantity in red meat, especially that of game.<\/p>\n<p><b>Red deer meat<\/b>\u00a0is<b>\u00a05 times less fatty than beef<\/b>. It is therefore recommended for many weight-loss diets since it is considered a\u00a0<b>good source of protein\u00a0<\/b>and is\u00a0<b>low in calories<\/b>. Its\u00a0<b>Iron<\/b>\u00a0and<b>\u00a0vitamin B<\/b>\u00a0content also contribute in making red deer meat<b>\u00a0a healthy venison prized by nutritionists<\/b>.<\/p>\n<p><img loading=\"lazy\" class=\"alignleft wp-image-6613 size-thumbnail\" src=\"https:\/\/monepicierbio.ca\/wp-content\/uploads\/2014\/10\/bison2-150x150.jpg\" alt=\"bison2\" width=\"150\" height=\"150\" srcset=\"https:\/\/www.monepicierbio.ca\/wp-content\/uploads\/2014\/10\/bison2-150x150.jpg 150w, https:\/\/www.monepicierbio.ca\/wp-content\/uploads\/2014\/10\/bison2-100x100.jpg 100w\" sizes=\"(max-width: 150px) 100vw, 150px\" \/>Among the \u00ab new \u00bb meats that are becoming increasingly sought-after, we find\u00a0<b>bison meat,<\/b>\u00a0which contains less calories, less cholesterol and up to 75% less fat than traditional red meat.<b>\u00a0<\/b>In fact, bison meat is\u00a0<b>very lean<\/b>.\u00a0<b>Low in fat and calories<\/b>, this game offers a good source of<b>\u00a0iron\u00a0<\/b>as well as considerable<b>\u00a0vitamin B12 content<\/b>. As such, bison meat is highly prized by nutritionists. Another interesting fact about bison meat;\u00a0<b>it is hypoallergenic.\u00a0<\/b><\/p>\n\t<div id=\"gap-1597948298\" class=\"gap-element clearfix\" style=\"display:block; height:auto;\">\n\t\t\n<style>\n#gap-1597948298 {\n  padding-top: 80px;\n}\n<\/style>\n\t<\/div>\n\t\n<div class=\"pricing-table-wrapper\">\n  <div class=\"pricing-table ux_price_table text-center box-shadow-3-hover featured-table\">\n    <div class=\"pricing-table-header\">\n      <div class=\"title uppercase strong\">Here are a few useful tips to help guide you when choosing meat..<\/div>\n      <div class=\"price is-xxlarge\">Make the Best Choices!<\/div>\n              <div class=\"description is-small\">\n          for a healthy diet        <\/div>\n          <\/div>\n    <div class=\"pricing-table-items items\">\n      \n<div class=\"bullet-item\" title=\"\"><span class=\"text\">Opt primarily for fish and chicken.<\/span><\/div>\n<div class=\"bullet-item\" title=\"\"><span class=\"text\">Venture to try wild game, such as deer, ostrich, wild boar, and bison.<\/span><\/div>\n<div class=\"bullet-item\" title=\"\"><span class=\"text\">Use grease sparingly when cooking meat.<\/span><\/div>\n<div class=\"bullet-item\" title=\"\"><span class=\"text\">Remove any visible fat as well as chicken skin.<\/span><\/div>\n<div class=\"bullet-item\" title=\"\"><span class=\"text\">Opt mainly for oven-cooking or on the grill.<\/span><\/div>\n<div class=\"bullet-item\" title=\"\"><span class=\"text\">Avoid non-organic cold cuts.<\/span><\/div>\n    <\/div>\n      <\/div>\n<\/div>\n\n\n","protected":false},"excerpt":{"rendered":"<p>The term \u00ab\u00a0organic\u00a0\u00bb is reassuring to see on packaging, but it takes the logo!\u00a0Organic certification guarantees that any product sold in Quebec promoted as \u00ab\u00a0organic\u00a0\u00bb was produced in compliance with organic agricultural standards, as stipulated in the document \u00ab\u00a0Normes biologiques de r\u00e9f\u00e9rence du Qu\u00e9bec\u00a0\u00bb, issued by the\u00a0Conseil des appellations r\u00e9serv\u00e9es et des termes valorisants\u00a0(CARTV). A [&#8230;]\n","protected":false},"author":1673,"featured_media":0,"parent":0,"menu_order":0,"comment_status":"closed","ping_status":"closed","template":"page-right-sidebar.php","meta":[],"yst_prominent_words":[],"_links":{"self":[{"href":"https:\/\/www.monepicierbio.ca\/en\/wp-json\/wp\/v2\/pages\/16139"}],"collection":[{"href":"https:\/\/www.monepicierbio.ca\/en\/wp-json\/wp\/v2\/pages"}],"about":[{"href":"https:\/\/www.monepicierbio.ca\/en\/wp-json\/wp\/v2\/types\/page"}],"author":[{"embeddable":true,"href":"https:\/\/www.monepicierbio.ca\/en\/wp-json\/wp\/v2\/users\/1673"}],"replies":[{"embeddable":true,"href":"https:\/\/www.monepicierbio.ca\/en\/wp-json\/wp\/v2\/comments?post=16139"}],"version-history":[{"count":4,"href":"https:\/\/www.monepicierbio.ca\/en\/wp-json\/wp\/v2\/pages\/16139\/revisions"}],"predecessor-version":[{"id":17708,"href":"https:\/\/www.monepicierbio.ca\/en\/wp-json\/wp\/v2\/pages\/16139\/revisions\/17708"}],"wp:attachment":[{"href":"https:\/\/www.monepicierbio.ca\/en\/wp-json\/wp\/v2\/media?parent=16139"}],"wp:term":[{"taxonomy":"yst_prominent_words","embeddable":true,"href":"https:\/\/www.monepicierbio.ca\/en\/wp-json\/wp\/v2\/yst_prominent_words?post=16139"}],"curies":[{"name":"wp","href":"https:\/\/api.w.org\/{rel}","templated":true}]}}