{"id":12884,"date":"2016-04-05T20:13:43","date_gmt":"2016-04-06T01:13:43","guid":{"rendered":"https:\/\/www.monepicierbio.ca\/en\/produit\/lasagne-deux-sauces-et-epinard\/"},"modified":"2019-02-20T10:35:21","modified_gmt":"2019-02-20T15:35:21","slug":"lasagne-deux-sauces-et-epinard","status":"publish","type":"product","link":"https:\/\/www.monepicierbio.ca\/en\/produit\/lasagne-deux-sauces-et-epinard\/","title":{"rendered":"Lasagne deux sauces et \u00e9pinard"},"content":{"rendered":"<p><span style=\"color: #282828; font-family: 'Arial'; font-size: 18px;\">Ingr\u00e9dients : Boisson de riz enrichie biologique\u00a0(eau filtr\u00e9e, riz brun biologique, riz blanc biologique, huile de canola biologique, phosphate tricalcique, sel de mer, ac\u00e9tate de Vitamine A, Vitamine B2, Vitamine B12, gluconate de zinc, amylase), jus de tomate, tomates, boeuf, p\u00e2te de tomate, p\u00e2tes de riz (riz brun aux grains entiers, son de riz, eau), \u00e9pinards, farine de riz blanc biologique, oignons, c\u00e9leri, carottes, poivron vert, poivron rouge, huile de canola, sucre, sel, \u00e9pices.<\/span><\/p>\n<p>&nbsp;<\/p>\n<p><a href=\"https:\/\/www.monepicierbio.ca\/en\/?attachment_id=12650#main\" rel=\"attachment wp-att-12650\"><img loading=\"lazy\" class=\"aligncenter size-medium wp-image-12650\" src=\"https:\/\/www.monepicierbio.ca\/wp-content\/uploads\/2016\/04\/D\u00e9lices-complices-300x298.png\" alt=\"D\u00e9lices complices\" width=\"300\" height=\"298\" srcset=\"https:\/\/www.monepicierbio.ca\/wp-content\/uploads\/2016\/04\/D\u00e9lices-complices-300x298.png 300w, https:\/\/www.monepicierbio.ca\/wp-content\/uploads\/2016\/04\/D\u00e9lices-complices-100x100.png 100w, https:\/\/www.monepicierbio.ca\/wp-content\/uploads\/2016\/04\/D\u00e9lices-complices-510x507.png 510w, https:\/\/www.monepicierbio.ca\/wp-content\/uploads\/2016\/04\/D\u00e9lices-complices-150x149.png 150w, https:\/\/www.monepicierbio.ca\/wp-content\/uploads\/2016\/04\/D\u00e9lices-complices-768x763.png 768w, https:\/\/www.monepicierbio.ca\/wp-content\/uploads\/2016\/04\/D\u00e9lices-complices-600x596.png 600w, https:\/\/www.monepicierbio.ca\/wp-content\/uploads\/2016\/04\/D\u00e9lices-complices.png 792w\" sizes=\"(max-width: 300px) 100vw, 300px\" \/><\/a><\/p>\n<p><span style=\"color: #fcfcfc; font-family: 'Arial'; font-size: 18px;\">\u00a0<\/span><\/p>\n<p><span style=\"color: #fcfcfc; font-family: 'Arial'; font-size: 18px;\">*Biologique<\/span><\/p>\n<p><span style=\"color: #282828; font-family: Arial; font-size: 18px;\">\u00a0<\/span><\/p>\n<p><span style=\"color: #282828; font-family: Arial; font-size: 18px;\">PEUT CONTENIR DES TRACES D&#8217;OEUFS ET DE SULFITES <\/span><\/p>\n<p><span style=\"color: #000000; font-family: 'Times'; font-size: 12px;\">\u00a0<\/span><\/p>\n","protected":false},"excerpt":{"rendered":"<div class=\"_c24 _50f3\">D\u00e9couvrez D\u00e9lices Complices ! Univers de savoureux repas, sans gluten, sans lactose, sans\u00a0lait, sans\u00a0noix et sans\u00a0arachides.<\/div>\n<div class=\"_c24 _50f3\"><\/div>\n<div class=\"_c24 _50f3\">Repas congel\u00e9.<\/div>\n<div class=\"_c24 _50f3\"><\/div>\n<div class=\"_c24 _50f3\">Portion : 1 personne<\/div>\n","protected":false},"featured_media":12674,"comment_status":"closed","ping_status":"closed","template":"","meta":[],"product_cat":[2213],"product_tag":[],"_links":{"self":[{"href":"https:\/\/www.monepicierbio.ca\/en\/wp-json\/wp\/v2\/product\/12884"}],"collection":[{"href":"https:\/\/www.monepicierbio.ca\/en\/wp-json\/wp\/v2\/product"}],"about":[{"href":"https:\/\/www.monepicierbio.ca\/en\/wp-json\/wp\/v2\/types\/product"}],"replies":[{"embeddable":true,"href":"https:\/\/www.monepicierbio.ca\/en\/wp-json\/wp\/v2\/comments?post=12884"}],"wp:featuredmedia":[{"embeddable":true,"href":"https:\/\/www.monepicierbio.ca\/en\/wp-json\/wp\/v2\/media\/12674"}],"wp:attachment":[{"href":"https:\/\/www.monepicierbio.ca\/en\/wp-json\/wp\/v2\/media?parent=12884"}],"wp:term":[{"taxonomy":"product_cat","embeddable":true,"href":"https:\/\/www.monepicierbio.ca\/en\/wp-json\/wp\/v2\/product_cat?post=12884"},{"taxonomy":"product_tag","embeddable":true,"href":"https:\/\/www.monepicierbio.ca\/en\/wp-json\/wp\/v2\/product_tag?post=12884"}],"curies":[{"name":"wp","href":"https:\/\/api.w.org\/{rel}","templated":true}]}}